{"id":104,"date":"2020-09-26T02:21:30","date_gmt":"2020-09-26T00:21:30","guid":{"rendered":"https:\/\/www.inclusiv.mg\/entreprises\/?page_id=104"},"modified":"2020-10-01T22:21:29","modified_gmt":"2020-10-01T20:21:29","slug":"notre-mission","status":"publish","type":"page","link":"https:\/\/www.inclusiv.mg\/entreprises\/notre-mission\/","title":{"rendered":"Notre Mission"},"content":{"rendered":"<p><strong>Garantir l&#8217;employabilit\u00e9 durable de nos apprenants gr\u00e2ce \u00e0 l&rsquo;acquisition de comp\u00e9tences conformes aux besoins du march\u00e9 du travail<br \/>\n<\/strong><\/p>\n<p>Tr\u00e8s attentifs \u00e0 l\u2019\u00e9volution du march\u00e9 dans le secteur, nous sommes plus que conscients de l\u2019importance pour les entreprises de recruter des collaborateurs dont les comp\u00e9tences r\u00e9pondent aux besoins des clients et aux exigences du m\u00e9tier \u00e0 l\u2019\u00e9chelle internationale. Pour ce faire, notre \u00e9quipe p\u00e9dagogique a con\u00e7u des <a href=\"https:\/\/www.inclusiv.mg\/les-formations\/\">programmes de formation<\/a> \u00e9labor\u00e9s de mani\u00e8re \u00e0 garantir une int\u00e9gration rapide et une adaptation au dynamique du secteur.<\/p>\n<p>De plus, nous accompagnons les entreprises au renforcement de comp\u00e9tences de leurs collaborateurs en offrant des <a href=\"https:\/\/www.inclusiv.mg\/pedagogie\/\">m\u00e9thodes p\u00e9dagogiques innovantes<\/a>. Nous d\u00e9veloppons les comp\u00e9tences techniques d\u2019une part et les comp\u00e9tences humaines d\u2019autre part pour faciliter l\u2019insertion professionnelle.<\/p>\n<p>&nbsp;<\/p>","protected":false},"excerpt":{"rendered":"<p>Garantir l&#8217;employabilit\u00e9 durable de nos apprenants gr\u00e2ce \u00e0 l&rsquo;acquisition de comp\u00e9tences conformes aux besoins du march\u00e9 du travail Tr\u00e8s attentifs \u00e0 l\u2019\u00e9volution du march\u00e9 dans le secteur, nous sommes plus que conscients de l\u2019importance pour les entreprises de recruter des collaborateurs dont les comp\u00e9tences r\u00e9pondent aux besoins des clients et aux exigences du m\u00e9tier \u00e0 [&hellip;]<\/p>\n","protected":false},"author":1,"featured_media":0,"parent":0,"menu_order":0,"comment_status":"closed","ping_status":"closed","template":"","meta":{"_mi_skip_tracking":false,"_monsterinsights_skip_tracking":false,"_monsterinsights_sitenote_active":false,"_monsterinsights_sitenote_note":"","_monsterinsights_sitenote_category":0},"yoast_head":"<!-- This site is optimized with the Yoast SEO plugin v18.2 - https:\/\/yoast.com\/wordpress\/plugins\/seo\/ -->\n<title>Notre Mission - Espace Entreprises - Inclusiv<\/title>\n<meta name=\"robots\" content=\"index, follow, max-snippet:-1, max-image-preview:large, max-video-preview:-1\" \/>\n<link rel=\"canonical\" href=\"https:\/\/www.inclusiv.mg\/entreprises\/notre-mission\/\" \/>\n<meta property=\"og:locale\" content=\"fr_FR\" \/>\n<meta property=\"og:type\" content=\"article\" \/>\n<meta property=\"og:title\" content=\"Notre Mission - Espace Entreprises - Inclusiv\" \/>\n<meta property=\"og:description\" content=\"Garantir l&#8217;employabilit\u00e9 durable de nos apprenants gr\u00e2ce \u00e0 l&rsquo;acquisition de comp\u00e9tences conformes aux besoins du march\u00e9 du travail Tr\u00e8s attentifs \u00e0 l\u2019\u00e9volution du march\u00e9 dans le secteur, nous sommes plus que conscients de l\u2019importance pour les entreprises de recruter des collaborateurs dont les comp\u00e9tences r\u00e9pondent aux besoins des clients et aux exigences du m\u00e9tier \u00e0 [&hellip;]\" \/>\n<meta property=\"og:url\" content=\"https:\/\/www.inclusiv.mg\/entreprises\/notre-mission\/\" \/>\n<meta property=\"og:site_name\" content=\"Espace Entreprises - Inclusiv\" \/>\n<meta property=\"article:modified_time\" content=\"2020-10-01T20:21:29+00:00\" \/>\n<meta name=\"twitter:card\" content=\"summary_large_image\" \/>\n<meta name=\"twitter:label1\" content=\"Dur\u00e9e de lecture estim\u00e9e\" \/>\n\t<meta name=\"twitter:data1\" content=\"1 minute\" \/>\n<script type=\"application\/ld+json\" class=\"yoast-schema-graph\">{\"@context\":\"https:\/\/schema.org\",\"@graph\":[{\"@type\":\"WebSite\",\"@id\":\"https:\/\/www.inclusiv.mg\/entreprises\/#website\",\"url\":\"https:\/\/www.inclusiv.mg\/entreprises\/\",\"name\":\"Espace Entreprises - Inclusiv\",\"description\":\"Pour les entreprises\",\"potentialAction\":[{\"@type\":\"SearchAction\",\"target\":{\"@type\":\"EntryPoint\",\"urlTemplate\":\"https:\/\/www.inclusiv.mg\/entreprises\/?s={search_term_string}\"},\"query-input\":\"required name=search_term_string\"}],\"inLanguage\":\"fr-FR\"},{\"@type\":\"WebPage\",\"@id\":\"https:\/\/www.inclusiv.mg\/entreprises\/notre-mission\/#webpage\",\"url\":\"https:\/\/www.inclusiv.mg\/entreprises\/notre-mission\/\",\"name\":\"Notre Mission - Espace Entreprises - Inclusiv\",\"isPartOf\":{\"@id\":\"https:\/\/www.inclusiv.mg\/entreprises\/#website\"},\"datePublished\":\"2020-09-26T00:21:30+00:00\",\"dateModified\":\"2020-10-01T20:21:29+00:00\",\"breadcrumb\":{\"@id\":\"https:\/\/www.inclusiv.mg\/entreprises\/notre-mission\/#breadcrumb\"},\"inLanguage\":\"fr-FR\",\"potentialAction\":[{\"@type\":\"ReadAction\",\"target\":[\"https:\/\/www.inclusiv.mg\/entreprises\/notre-mission\/\"]}]},{\"@type\":\"BreadcrumbList\",\"@id\":\"https:\/\/www.inclusiv.mg\/entreprises\/notre-mission\/#breadcrumb\",\"itemListElement\":[{\"@type\":\"ListItem\",\"position\":1,\"name\":\"Accueil\",\"item\":\"https:\/\/www.inclusiv.mg\/entreprises\/\"},{\"@type\":\"ListItem\",\"position\":2,\"name\":\"Notre Mission\"}]}]}<\/script>\n<!-- \/ Yoast SEO plugin. -->","yoast_head_json":{"title":"Notre Mission - Espace Entreprises - Inclusiv","robots":{"index":"index","follow":"follow","max-snippet":"max-snippet:-1","max-image-preview":"max-image-preview:large","max-video-preview":"max-video-preview:-1"},"canonical":"https:\/\/www.inclusiv.mg\/entreprises\/notre-mission\/","og_locale":"fr_FR","og_type":"article","og_title":"Notre Mission - Espace Entreprises - Inclusiv","og_description":"Garantir l&#8217;employabilit\u00e9 durable de nos apprenants gr\u00e2ce \u00e0 l&rsquo;acquisition de comp\u00e9tences conformes aux besoins du march\u00e9 du travail Tr\u00e8s attentifs \u00e0 l\u2019\u00e9volution du march\u00e9 dans le secteur, nous sommes plus que conscients de l\u2019importance pour les entreprises de recruter des collaborateurs dont les comp\u00e9tences r\u00e9pondent aux besoins des clients et aux exigences du m\u00e9tier \u00e0 [&hellip;]","og_url":"https:\/\/www.inclusiv.mg\/entreprises\/notre-mission\/","og_site_name":"Espace Entreprises - Inclusiv","article_modified_time":"2020-10-01T20:21:29+00:00","twitter_card":"summary_large_image","twitter_misc":{"Dur\u00e9e de lecture estim\u00e9e":"1 minute"},"schema":{"@context":"https:\/\/schema.org","@graph":[{"@type":"WebSite","@id":"https:\/\/www.inclusiv.mg\/entreprises\/#website","url":"https:\/\/www.inclusiv.mg\/entreprises\/","name":"Espace Entreprises - Inclusiv","description":"Pour les entreprises","potentialAction":[{"@type":"SearchAction","target":{"@type":"EntryPoint","urlTemplate":"https:\/\/www.inclusiv.mg\/entreprises\/?s={search_term_string}"},"query-input":"required name=search_term_string"}],"inLanguage":"fr-FR"},{"@type":"WebPage","@id":"https:\/\/www.inclusiv.mg\/entreprises\/notre-mission\/#webpage","url":"https:\/\/www.inclusiv.mg\/entreprises\/notre-mission\/","name":"Notre Mission - Espace Entreprises - Inclusiv","isPartOf":{"@id":"https:\/\/www.inclusiv.mg\/entreprises\/#website"},"datePublished":"2020-09-26T00:21:30+00:00","dateModified":"2020-10-01T20:21:29+00:00","breadcrumb":{"@id":"https:\/\/www.inclusiv.mg\/entreprises\/notre-mission\/#breadcrumb"},"inLanguage":"fr-FR","potentialAction":[{"@type":"ReadAction","target":["https:\/\/www.inclusiv.mg\/entreprises\/notre-mission\/"]}]},{"@type":"BreadcrumbList","@id":"https:\/\/www.inclusiv.mg\/entreprises\/notre-mission\/#breadcrumb","itemListElement":[{"@type":"ListItem","position":1,"name":"Accueil","item":"https:\/\/www.inclusiv.mg\/entreprises\/"},{"@type":"ListItem","position":2,"name":"Notre Mission"}]}]}},"_links":{"self":[{"href":"https:\/\/www.inclusiv.mg\/entreprises\/wp-json\/wp\/v2\/pages\/104"}],"collection":[{"href":"https:\/\/www.inclusiv.mg\/entreprises\/wp-json\/wp\/v2\/pages"}],"about":[{"href":"https:\/\/www.inclusiv.mg\/entreprises\/wp-json\/wp\/v2\/types\/page"}],"author":[{"embeddable":true,"href":"https:\/\/www.inclusiv.mg\/entreprises\/wp-json\/wp\/v2\/users\/1"}],"replies":[{"embeddable":true,"href":"https:\/\/www.inclusiv.mg\/entreprises\/wp-json\/wp\/v2\/comments?post=104"}],"version-history":[{"count":8,"href":"https:\/\/www.inclusiv.mg\/entreprises\/wp-json\/wp\/v2\/pages\/104\/revisions"}],"predecessor-version":[{"id":196,"href":"https:\/\/www.inclusiv.mg\/entreprises\/wp-json\/wp\/v2\/pages\/104\/revisions\/196"}],"wp:attachment":[{"href":"https:\/\/www.inclusiv.mg\/entreprises\/wp-json\/wp\/v2\/media?parent=104"}],"curies":[{"name":"wp","href":"https:\/\/api.w.org\/{rel}","templated":true}]}}